{"id":1002,"date":"2026-03-12T17:06:47","date_gmt":"2026-03-12T21:06:47","guid":{"rendered":"https:\/\/alunos.escolaholisticadespertar.com.br\/?page_id=1002"},"modified":"2026-03-12T17:21:18","modified_gmt":"2026-03-12T21:21:18","slug":"home","status":"publish","type":"page","link":"https:\/\/alunos.escolaholisticadespertar.com.br\/en\/","title":{"rendered":"Home"},"content":{"rendered":"\t\t<div data-elementor-type=\"wp-page\" data-elementor-id=\"1002\" class=\"elementor elementor-1002\" data-elementor-post-type=\"page\">\n\t\t\t\t<div class=\"elementor-element elementor-element-5e49a67 e-flex e-con-boxed e-con e-parent\" data-id=\"5e49a67\" data-element_type=\"container\" data-e-type=\"container\">\n\t\t\t\t\t<div class=\"e-con-inner\">\n\t\t<div class=\"elementor-element elementor-element-6f97860 e-con-full e-flex e-con e-child\" data-id=\"6f97860\" data-element_type=\"container\" data-e-type=\"container\" data-settings=\"{&quot;background_background&quot;:&quot;classic&quot;}\">\n\t\t<div class=\"elementor-element elementor-element-cf4999b e-con-full e-flex e-con e-child\" data-id=\"cf4999b\" data-element_type=\"container\" data-e-type=\"container\">\n\t\t\t\t<div class=\"elementor-element elementor-element-6d0df89 elementor-widget elementor-widget-text-editor\" data-id=\"6d0df89\" data-element_type=\"widget\" data-e-type=\"widget\" data-widget_type=\"text-editor.default\">\n\t\t\t\t\t\t\t\t\t<p>ESCOLA HOL\u00cdSTICA DESPERTAR<\/p>\t\t\t\t\t\t\t\t<\/div>\n\t\t\t\t<div class=\"elementor-element elementor-element-eb8c12b elementor-widget__width-initial elementor-widget elementor-widget-heading\" data-id=\"eb8c12b\" data-element_type=\"widget\" data-e-type=\"widget\" data-widget_type=\"heading.default\">\n\t\t\t\t\t<h2 class=\"elementor-heading-title elementor-size-default\">Tenha acesso completo a todos os cursos em uma \u00fanica assinatura<\/h2>\t\t\t\t<\/div>\n\t\t\t\t<div class=\"elementor-element elementor-element-c0ec359 elementor-widget__width-initial elementor-widget elementor-widget-text-editor\" data-id=\"c0ec359\" data-element_type=\"widget\" data-e-type=\"widget\" data-widget_type=\"text-editor.default\">\n\t\t\t\t\t\t\t\t\t<p>Aulas acess\u00edveis e estruturadas para voc\u00ea estudar e aplicar com seguran\u00e7a no dia a dia, sempre acompanhada por suporte e uma comunidade que caminha junto.<\/p>\t\t\t\t\t\t\t\t<\/div>\n\t\t\t\t<div class=\"elementor-element elementor-element-e944bc9 elementor-widget elementor-widget-spacer\" data-id=\"e944bc9\" data-element_type=\"widget\" data-e-type=\"widget\" data-widget_type=\"spacer.default\">\n\t\t\t\t\t\t\t<div class=\"elementor-spacer\">\n\t\t\t<div class=\"elementor-spacer-inner\"><\/div>\n\t\t<\/div>\n\t\t\t\t\t\t<\/div>\n\t\t\t\t<div class=\"elementor-element elementor-element-95381d2 elementor-widget elementor-widget-button\" data-id=\"95381d2\" data-element_type=\"widget\" data-e-type=\"widget\" data-widget_type=\"button.default\">\n\t\t\t\t\t\t\t\t\t\t<a class=\"elementor-button elementor-button-link elementor-size-sm\" href=\"#\">\n\t\t\t\t\t\t<span class=\"elementor-button-content-wrapper\">\n\t\t\t\t\t\t\t\t\t<span class=\"elementor-button-text\">FA\u00c7A PARTE DA ESCOLA<\/span>\n\t\t\t\t\t<\/span>\n\t\t\t\t\t<\/a>\n\t\t\t\t\t\t\t\t<\/div>\n\t\t\t\t<\/div>\n\t\t<div class=\"elementor-element elementor-element-0aea6e7 e-con-full e-flex e-con e-child\" data-id=\"0aea6e7\" data-element_type=\"container\" data-e-type=\"container\">\n\t\t\t\t<div class=\"elementor-element elementor-element-34d45a9 elementor-widget elementor-widget-image\" data-id=\"34d45a9\" data-element_type=\"widget\" data-e-type=\"widget\" data-widget_type=\"image.default\">\n\t\t\t\t\t\t\t\t\t\t\t\t\t\t\t<img decoding=\"async\" src=\"https:\/\/alunos.escolaholisticadespertar.com.br\/wp-content\/plugins\/elementor\/assets\/images\/placeholder.png\" title=\"\" alt=\"\" loading=\"lazy\" \/>\t\t\t\t\t\t\t\t\t\t\t\t\t\t\t<\/div>\n\t\t\t\t<\/div>\n\t\t\t\t<\/div>\n\t\t\t\t\t<\/div>\n\t\t\t\t<\/div>\n\t\t<div class=\"elementor-element elementor-element-5813e5a e-flex e-con-boxed e-con e-parent\" data-id=\"5813e5a\" data-element_type=\"container\" data-e-type=\"container\">\n\t\t\t\t\t<div class=\"e-con-inner\">\n\t\t\t\t<div class=\"elementor-element elementor-element-45a3ec5 elementor-widget elementor-widget-heading\" data-id=\"45a3ec5\" data-element_type=\"widget\" data-e-type=\"widget\" data-widget_type=\"heading.default\">\n\t\t\t\t\t<h2 class=\"elementor-heading-title elementor-size-default\">Conhe\u00e7a nossos cursos<\/h2>\t\t\t\t<\/div>\n\t\t\t\t<div class=\"elementor-element elementor-element-8965d72 elementor-widget elementor-widget-etlms-course-list tutor-addon etlms-course-list\" data-id=\"8965d72\" data-element_type=\"widget\" data-e-type=\"widget\" data-widget_type=\"etlms-course-list.default\">\n\t\t\t\t<div class=\"elementor-widget-container\">\n\t\t\t\t\t<div class=\"tutor-wrap tutor-courses-wrap tutor-container etlms-course-list-main-wrap\">\n\t\t\t\t\t<div class=\"etlms-course-list-loop-wrap tutor-course-list tutor-grid tutor-grid-3\">\n\t\t\t\t\t\t\t<div class=\"etlms-course-list-col\">\n\t\t\t\t\t<div class=\"tutor-card tutor-course-card tutor-loop-course-container \">\n\t        <div class=\"tutor-course-thumbnail\">\n        <a href=\"https:\/\/alunos.escolaholisticadespertar.com.br\/en\/cursos\/live-astrologia\/\" class=\"tutor-d-block\">\n            <div class=\"tutor-ratio tutor-ratio-16x9\">\n                <img decoding=\"async\" class=\"tutor-card-image-top\" src=\"https:\/\/alunos.escolaholisticadespertar.com.br\/wp-content\/plugins\/tutor\/assets\/images\/placeholder.svg\" alt=\"LIVE &#8211; Astrologia\" loading=\"lazy\">\n            <\/div>\n        <\/a>\n    <\/div>\n\t<span class=\"tutor-course-difficulty-level\">\n        All Levels    <\/span>\n\n\t<div class=\"tutor-card-body\">\n\t\t<div class=\"tutor-course-ratings tutor-mb-8\">\n    <div class=\"tutor-ratings\">\n        <div class=\"tutor-ratings-stars\">\n            <span class=\"tutor-icon-star-line\" data-rating-value=\"1\"><\/span><span class=\"tutor-icon-star-line\" data-rating-value=\"2\"><\/span><span class=\"tutor-icon-star-line\" data-rating-value=\"3\"><\/span><span class=\"tutor-icon-star-line\" data-rating-value=\"4\"><\/span><span class=\"tutor-icon-star-line\" data-rating-value=\"5\"><\/span>        <\/div>\n\n            <\/div>\n<\/div>\n<h3 class=\"tutor-course-name tutor-fs-5 tutor-fw-medium tutor-mb-12\" title=\"LIVE &#8211; Astrologia\">\n    <a href=\"https:\/\/alunos.escolaholisticadespertar.com.br\/en\/cursos\/live-astrologia\/\">LIVE &#8211; Astrologia<\/a>\n<\/h3>\n\t<\/div>\n\n\t<div class=\"tutor-card-footer\">\n\t\t\n<div class=\"list-item-button\">\n<a href=\"https:\/\/alunos.escolaholisticadespertar.com.br\/en\/cursos\/live-astrologia\/\" class=\"tutor-btn tutor-btn-outline-primary tutor-btn-md tutor-btn-block\">\n\t\t\t\t\tStart Learning\n\t\t\t\t<\/a>\n\t\t\t<\/div>\n<\/div>\n<\/div>\n\t\t\t\t<\/div>\n\t\t\t\t\t\t\t<div class=\"etlms-course-list-col\">\n\t\t\t\t\t<div class=\"tutor-card tutor-course-card tutor-loop-course-container \">\n\t        <div class=\"tutor-course-thumbnail\">\n        <a href=\"https:\/\/alunos.escolaholisticadespertar.com.br\/en\/cursos\/astrologia-infantil\/\" class=\"tutor-d-block\">\n            <div class=\"tutor-ratio tutor-ratio-16x9\">\n                <img decoding=\"async\" class=\"tutor-card-image-top\" src=\"https:\/\/alunos.escolaholisticadespertar.com.br\/wp-content\/plugins\/tutor\/assets\/images\/placeholder.svg\" alt=\"Astrologia Infantil\" loading=\"lazy\">\n            <\/div>\n        <\/a>\n    <\/div>\n\t<span class=\"tutor-course-difficulty-level\">\n        All Levels    <\/span>\n\n\t<div class=\"tutor-card-body\">\n\t\t<div class=\"tutor-course-ratings tutor-mb-8\">\n    <div class=\"tutor-ratings\">\n        <div class=\"tutor-ratings-stars\">\n            <span class=\"tutor-icon-star-line\" data-rating-value=\"1\"><\/span><span class=\"tutor-icon-star-line\" data-rating-value=\"2\"><\/span><span class=\"tutor-icon-star-line\" data-rating-value=\"3\"><\/span><span class=\"tutor-icon-star-line\" data-rating-value=\"4\"><\/span><span class=\"tutor-icon-star-line\" data-rating-value=\"5\"><\/span>        <\/div>\n\n            <\/div>\n<\/div>\n<h3 class=\"tutor-course-name tutor-fs-5 tutor-fw-medium tutor-mb-12\" title=\"Astrologia Infantil\">\n    <a href=\"https:\/\/alunos.escolaholisticadespertar.com.br\/en\/cursos\/astrologia-infantil\/\">Astrologia Infantil<\/a>\n<\/h3>\n\t<\/div>\n\n\t<div class=\"tutor-card-footer\">\n\t<div class=\"tutor-course-list-btn\"><a href=\"https:\/\/alunos.escolaholisticadespertar.com.br\/en\/cursos\/astrologia-infantil\/\" class=\"tutor-btn tutor-btn-outline-primary tutor-btn-md tutor-btn-block tutor-open-login-modal\">Enroll Course<\/a><\/div><\/div>\n<\/div>\n\t\t\t\t<\/div>\n\t\t\t\t\t\t\t<div class=\"etlms-course-list-col\">\n\t\t\t\t\t<div class=\"tutor-card tutor-course-card tutor-loop-course-container \">\n\t        <div class=\"tutor-course-thumbnail\">\n        <a href=\"https:\/\/alunos.escolaholisticadespertar.com.br\/en\/course-bundle\/acesso-completo-despertar\/\" class=\"tutor-d-block\">\n            <div class=\"tutor-ratio tutor-ratio-16x9\">\n                <img decoding=\"async\" class=\"tutor-card-image-top\" src=\"https:\/\/alunos.escolaholisticadespertar.com.br\/wp-content\/plugins\/tutor\/assets\/images\/placeholder.svg\" alt=\"Acesso Completo &#8211; Despertar\" loading=\"lazy\">\n            <\/div>\n        <\/a>\n    <\/div>\n\n\t<div class=\"tutor-card-body\">\n\t\t<div class=\"tutor-course-ratings tutor-mb-8\">\n    <div class=\"tutor-ratings\">\n        <div class=\"tutor-ratings-stars\">\n            <span class=\"tutor-icon-star-line\" data-rating-value=\"1\"><\/span><span class=\"tutor-icon-star-line\" data-rating-value=\"2\"><\/span><span class=\"tutor-icon-star-line\" data-rating-value=\"3\"><\/span><span class=\"tutor-icon-star-line\" data-rating-value=\"4\"><\/span><span class=\"tutor-icon-star-line\" data-rating-value=\"5\"><\/span>        <\/div>\n\n            <\/div>\n<\/div>\n<h3 class=\"tutor-course-name tutor-fs-5 tutor-fw-medium tutor-mb-12\" title=\"Acesso Completo &#8211; Despertar\">\n    <a href=\"https:\/\/alunos.escolaholisticadespertar.com.br\/en\/course-bundle\/acesso-completo-despertar\/\">Acesso Completo &#8211; Despertar<\/a>\n<\/h3>\n\t<\/div>\n\n\t<div class=\"tutor-card-footer\">\n\t\t\t\t\t<div class=\"tutor-d-flex tutor-align-center tutor-justify-between\">\n\t\t\t\t\t<div class=\"list-item-price tutor-d-flex tutor-align-center\">\n\t\t\t\t\t\t<span class=\"price tutor-fs-6 tutor-fw-bold tutor-color-black\">\n\t\t\t\t\t\t\t\n<div class=\"list-item-price tutor-d-flex tutor-align-center\">\n\t<span class=\"price\">\n\t\t<div class=\"tutor-course-price-tax tutor-fs-8 tutor-fw-normal tutor-color-hints\">Starts from<\/div>\n\t\t<div class=\"list-item-price tutor-item-price\">\n\t\t\t<span>R$67.00<\/span>\n\t\t\t\t\t<\/div>\n\t\t\t<\/span>\n<\/div>\n\t\t\t\t\t\t<\/span>\n\t\t\t\t\t<\/div>\n\t\t\t\t\t<div class=\"list-item-button\"> \n\t\t\t\t\t\t\t\t<a href=\"https:\/\/alunos.escolaholisticadespertar.com.br\/en\/course-bundle\/acesso-completo-despertar\/\" class=\"tutor-btn tutor-btn-outline-primary tutor-btn-md tutor-btn-block\">\n\t\t\tView Details\t\t<\/a>\n\t\t\t\t\t\t\t<\/div>\n\t\t\t\t<\/div>\n\t\t\t<\/div>\n<\/div>\n\t\t\t\t<\/div>\n\t\t\t\t\t<\/div>\n\n\t\t\t\t\t\t\t<div class=\"etlms-course-list-pagination-wrap tutor-mt-32\">\n\t\t\t<div class=\"etlms-pagination prev-next\">\n\t\t\t\t\t\t\t<\/div>\n\n\t\t\t<div class=\"etlms-pagination pagination-numbers-prev-next\">\n\t\t\t\t\t\t\t\t<\/div>\n\t\t\t\t<\/div>\n\t\t\t\t<\/div>\n<div class=\"tutor-modal tutor-login-modal\">\n\t<div class=\"tutor-modal-overlay\"><\/div>\n\t<div class=\"tutor-modal-window tutor-modal-window-sm\">\n\t\t<div class=\"tutor-modal-content tutor-modal-content-white\">\n\t\t\t<button class=\"tutor-iconic-btn tutor-modal-close-o\" data-tutor-modal-close>\n\t\t\t\t<span class=\"tutor-icon-times\" area-hidden=\"true\"><\/span>\n\t\t\t<\/button>\n\n\t\t\t<div class=\"tutor-modal-body\">\n\t\t\t\t<div class=\"tutor-py-48\">\n\t\t\t\t\t\t\t\t\t\t<div class=\"tutor-fs-4 tutor-fw-medium tutor-color-black tutor-mb-32\">Hi, Welcome back!<\/div>\n\t\t\t\t\t<form id=\"tutor-login-form\" method=\"post\">\n\t\t<input type=\"hidden\" id=\"_tutor_nonce\" name=\"_tutor_nonce\" value=\"72319744c2\" \/><input type=\"hidden\" name=\"_wp_http_referer\" value=\"\/en\/wp-json\/wp\/v2\/pages\/1002\" \/>\t<input type=\"hidden\" name=\"tutor_action\" value=\"tutor_user_login\" \/>\n\t<input type=\"hidden\" name=\"redirect_to\" value=\"https:\/\/alunos.escolaholisticadespertar.com.br\/en\/wp-json\/wp\/v2\/pages\/1002\" \/>\n\n\t<div class=\"tutor-mb-20\">\n\t\t<input type=\"text\" class=\"tutor-form-control\" placeholder=\"Username or Email Address\" name=\"log\" value=\"\" size=\"20\" required\/>\n\t<\/div>\n\n\t<div class=\"tutor-mb-32\">\n\t\t<input type=\"password\" class=\"tutor-form-control\" placeholder=\"Password\" name=\"pwd\" value=\"\" size=\"20\" required\/>\n\t<\/div>\n\n\t<div class=\"tutor-login-error\"><\/div>\n\t\t\t<input type=\"hidden\" name=\"timezone\" value=\"-04:00\" \/>\n\t\t<script>\n\t\t\tdocument.addEventListener('DOMContentLoaded', function() {\n\t\t\t\tconst timezone = document.querySelector('input[name=\"timezone\"]');\n\t\t\t\tif ( timezone) {\n\t\t\t\t\tconst tz = Intl.DateTimeFormat().resolvedOptions().timeZone;\n\t\t\t\t\ttimezone.value = tz\n\t\t\t\t}\n\t\t\t});\n\t\t<\/script>\n\t\t\t\t<input type=\"text\" style=\"display:none\" autocomplete=\"off\" value=\"\" name=\"_uuid\">\n\t\t\t<div class=\"tutor-d-flex tutor-justify-between tutor-align-center tutor-mb-40\">\n\t\t<div class=\"tutor-form-check\">\n\t\t\t<input id=\"tutor-login-agmnt-1\" type=\"checkbox\" class=\"tutor-form-check-input tutor-bg-black-40\" name=\"rememberme\" value=\"forever\" \/>\n\t\t\t<label for=\"tutor-login-agmnt-1\" class=\"tutor-fs-7 tutor-color-muted\">\n\t\t\t\tKeep me signed in\t\t\t<\/label>\n\t\t<\/div>\n\t\t<a href=\"https:\/\/alunos.escolaholisticadespertar.com.br\/en\/painel-de-controle\/retrieve-password\" class=\"tutor-btn tutor-btn-ghost\">\n\t\t\tForgot Password?\t\t<\/a>\n\t<\/div>\n\n\t\t<button type=\"submit\" class=\"tutor-btn tutor-btn-primary tutor-btn-block\">\n\t\tSign In\t<\/button>\n\t\n\t\t\t\t\t<div class=\"tutor-text-center tutor-fs-6 tutor-color-secondary tutor-mt-20\">\n\t\t\tDon&#039;t have an account?&nbsp;\n\t\t\t<a href=\"https:\/\/alunos.escolaholisticadespertar.com.br\/en\/pagina-de-cadastro-de-aluno\/?redirect_to=https:\/\/alunos.escolaholisticadespertar.com.br\/en\/wp-json\/wp\/v2\/pages\/1002\" class=\"tutor-btn tutor-btn-link\">\n\t\t\t\tRegister Now\t\t\t<\/a>\n\t\t<\/div>\n\t\t<\/form>\n<script>\n\tdocument.addEventListener('DOMContentLoaded', function() {\n\t\tvar { __ } = wp.i18n;\n\t\tvar loginModal = document.querySelector('.tutor-modal.tutor-login-modal');\n\t\tvar errors = [];\n\t\tif (loginModal && errors.length) {\n\t\t\tloginModal.classList.add('tutor-is-active');\n\t\t}\n\t});\n<\/script>\n\n\t\t\t\t\t\t\t\t\t<\/div>\n\t\t\t\t\t\t\t<\/div>\n\t\t<\/div>\n\t<\/div>\n<\/div>\n\t\t\t\t<\/div>\n\t\t\t\t<\/div>\n\t\t\t\t\t<\/div>\n\t\t\t\t<\/div>\n\t\t\t\t<\/div>\n\t\t","protected":false},"excerpt":{"rendered":"<p>ESCOLA HOL\u00cdSTICA DESPERTAR Tenha acesso completo a todos os cursos em uma \u00fanica assinatura Aulas acess\u00edveis e estruturadas<\/p>","protected":false},"author":1,"featured_media":0,"parent":0,"menu_order":0,"comment_status":"closed","ping_status":"closed","template":"elementor_header_footer","meta":{"_tutorstarter_page_metadata":[],"footnotes":""},"class_list":["post-1002","page","type-page","status-publish","hentry"],"_links":{"self":[{"href":"https:\/\/alunos.escolaholisticadespertar.com.br\/en\/wp-json\/wp\/v2\/pages\/1002","targetHints":{"allow":["GET"]}}],"collection":[{"href":"https:\/\/alunos.escolaholisticadespertar.com.br\/en\/wp-json\/wp\/v2\/pages"}],"about":[{"href":"https:\/\/alunos.escolaholisticadespertar.com.br\/en\/wp-json\/wp\/v2\/types\/page"}],"author":[{"embeddable":true,"href":"https:\/\/alunos.escolaholisticadespertar.com.br\/en\/wp-json\/wp\/v2\/users\/1"}],"replies":[{"embeddable":true,"href":"https:\/\/alunos.escolaholisticadespertar.com.br\/en\/wp-json\/wp\/v2\/comments?post=1002"}],"version-history":[{"count":16,"href":"https:\/\/alunos.escolaholisticadespertar.com.br\/en\/wp-json\/wp\/v2\/pages\/1002\/revisions"}],"predecessor-version":[{"id":1019,"href":"https:\/\/alunos.escolaholisticadespertar.com.br\/en\/wp-json\/wp\/v2\/pages\/1002\/revisions\/1019"}],"wp:attachment":[{"href":"https:\/\/alunos.escolaholisticadespertar.com.br\/en\/wp-json\/wp\/v2\/media?parent=1002"}],"curies":[{"name":"wp","href":"https:\/\/api.w.org\/{rel}","templated":true}]}}